{"id":134,"date":"2022-02-20T09:26:00","date_gmt":"2022-02-20T09:26:00","guid":{"rendered":"http:\/\/pedicuremarum.nl\/?page_id=134"},"modified":"2023-12-31T11:16:19","modified_gmt":"2023-12-31T11:16:19","slug":"voetverzorgingsproducten","status":"publish","type":"page","link":"https:\/\/pedicuremarum.nl\/index.php\/voetverzorgingsproducten\/","title":{"rendered":"Voetverzorgingsproducten"},"content":{"rendered":"\n<figure class=\"wp-block-image size-full is-resized\"><img loading=\"lazy\" decoding=\"async\" width=\"433\" height=\"576\" src=\"https:\/\/pedicuremarum.nl\/wp-content\/uploads\/2023\/12\/Schermafbeelding_20230119_161810-removebg-preview.png\" alt=\"\" class=\"wp-image-228\" style=\"width:259px;height:auto\" srcset=\"https:\/\/pedicuremarum.nl\/wp-content\/uploads\/2023\/12\/Schermafbeelding_20230119_161810-removebg-preview.png 433w, https:\/\/pedicuremarum.nl\/wp-content\/uploads\/2023\/12\/Schermafbeelding_20230119_161810-removebg-preview-226x300.png 226w\" sizes=\"auto, (max-width: 433px) 100vw, 433px\" \/><\/figure>\n\n\n\n<p><strong>Schimmelnagels: FunghiClear <\/strong><\/p>\n\n\n\n<p>FunghiClear is een anti-schimmel middel op basis van Manuka olie en is zeer effectief tegen schimmelnagels, kalknagels en voetschimmel. Bij het ontwikkelen en samenstellen van FunghiClear is goed gekeken naar alle bestaande producten om zo alle positieve eigenschappen in 1 product te bundelen. Uiteindelijk is hierdoor een uniek product ontwikkeld dat zeer effectief is tegen schimmelnagels, kalknagels en voetschimmel(zwemmerseczeem). <\/p>\n\n\n\n<p>Ook goed te gebruiken om uw schoenen inwendig te reinigen en ontdoen van schimmelkiemen en zodoende nieuwe infecties te voorkomen. Veilig en effectief te gebruiken door risicogroepen zoals diabetes pati\u00ebnten.<\/p>\n\n\n\n<figure class=\"wp-block-image size-full is-resized\"><img loading=\"lazy\" decoding=\"async\" width=\"503\" height=\"503\" src=\"http:\/\/pedicuremarum.nl\/wp-content\/uploads\/2022\/02\/hfl-1.jpg\" alt=\"\" class=\"wp-image-137\" style=\"width:321px;height:321px\" srcset=\"https:\/\/pedicuremarum.nl\/wp-content\/uploads\/2022\/02\/hfl-1.jpg 503w, https:\/\/pedicuremarum.nl\/wp-content\/uploads\/2022\/02\/hfl-1-300x300.jpg 300w, https:\/\/pedicuremarum.nl\/wp-content\/uploads\/2022\/02\/hfl-1-150x150.jpg 150w, https:\/\/pedicuremarum.nl\/wp-content\/uploads\/2022\/02\/hfl-1-100x100.jpg 100w\" sizes=\"auto, (max-width: 503px) 100vw, 503px\" \/><\/figure>\n\n\n\n<p><strong>Schimmelnagels: HFL Solutionspray + Dadi oil<\/strong><\/p>\n\n\n\n<p>Wat maakt Solution Spray uniek?<\/p>\n\n\n\n<p>Solution Spray is het \u00e9nige product waarvan de werkzame bestanddelen via de huid tot aan de matrix (of wortel) van de nagels doordringen. Ze pakken daar meteen ook de schimmelinfectie bij de bron aan.<\/p>\n\n\n\n<p>Andere producten voor de behandeling van schimmelnagels wekken bij langdurig gebruik makkelijk allergie\u00ebn op, precies omwille van de schimmelwerende stoffen die daar inzitten. Solution Spray kan echter totaal geen kwaad.<\/p>\n\n\n\n<p>In deze spray zit namelijk natriumbenzoaat. Dat is gewoon een grondstof uit de voedingsindustrie, die in flessen en potten wordt gedaan tegen gisten en bacteri\u00ebn. De stof vernietigt echter zo\u2019n 90% van alle schimmels. Dit maakt van Solution Spray zo\u2019n slimme (en niet-allergene) innovatie!<\/p>\n\n\n\n<p>Bovendien kalmeert Solution Spray de ge\u00efrriteerde huid dankzij het actieve bestanddeel limonene acid. Solution Spray bevat verder panthenol &#8211; met onder andere provitamine B5 \u2013 dat de nagel soepel houdt en de groei van een nieuwe, gezonde nagel bevordert.<\/p>\n\n\n\n<p><\/p>\n\n\n\n<figure class=\"wp-block-image size-full is-resized\"><img loading=\"lazy\" decoding=\"async\" width=\"710\" height=\"533\" src=\"http:\/\/pedicuremarum.nl\/wp-content\/uploads\/2022\/02\/producten-1.jpg\" alt=\"\" class=\"wp-image-140\" style=\"width:470px;height:352px\" srcset=\"https:\/\/pedicuremarum.nl\/wp-content\/uploads\/2022\/02\/producten-1.jpg 710w, https:\/\/pedicuremarum.nl\/wp-content\/uploads\/2022\/02\/producten-1-300x225.jpg 300w\" sizes=\"auto, (max-width: 710px) 100vw, 710px\" \/><\/figure>\n\n\n\n<p><strong>Kloven, eelt, ruwe huid: Laufwunder Schrudena:<\/strong><\/p>\n\n\n\n<p>Laufwunder Klovencreme 75 ml.(Schrundena) is een speciale cosmetische cr\u00e8me voor behandeling van ruwe, droge en gebarsten huid. De cr\u00e8me maakt de eeltlaag elastisch en voorkomt zo het ontstaan van kloven. Droge huid wordt ontspannen en beschermd. De cr\u00e8me zorgt bij veelvuldig gebruik voor probleemloos lopen.&nbsp;<\/p>\n\n\n\n<p><strong>Geirriteerde huid: Laufwunder Hydrobalm<\/strong><\/p>\n\n\n\n<p>Door toevoeging van 10% Ureum helpt Hydrobalm het vochtgehalte in de huidlagen herstellen en te stabiliseren.<br>De natuurlijke barierre-funcite van de huid zal weer functioneren.<br>De samenstelling van deze cr\u00e8me zorgt ervoor dat de cr\u00e8me snel intrekt.<\/p>\n\n\n\n<p><strong>Verzorgende voetbalsem: Laufwunder: Groen Verfrissende voetbalsem<\/strong><\/p>\n\n\n\n<p>Wordt volledig door de huid opgenomen. Bij regelmatig gebruik wordt de huid fluweelzacht doordat Laufwunder Groen een langdurige werking heeft. De verfrissende geur van menthol en zijn huidverkoelende werking geven de voeten direct een aangenaam gevoel.<\/p>\n\n\n\n<p><strong>Laufwunder: Voetcreme Blauw<\/strong><\/p>\n\n\n\n<p>Door zijn huidvettende werking wordt de droge huid zacht en elastisch en geeft direct een aangenaam gevoel:<br>&#8211; Behoud van een fluweel zachte huid<br>&#8211; Heeft een deodoriserende werking<br>&#8211; Met Kamille (0,7%) en Hamamelis extracten (1%)<\/p>\n\n\n\n<p><strong>Wintervoeten: Samenwerkende pedicures: Wintervoetendruppels<\/strong><\/p>\n\n\n\n<p>Wie last heeft van wintervoeten moet vooral preventieve maatregelen nemen. De oorzaak is veelal een slechte doorbloeding van de huid. Masseer voeten (of handen) 2x daags met dit product op basis van o.a. glycerine, kamfer en rozemarijn. De emulsie zal een warm gevoel veroorzaken en zorgen voor een betere doorbloeding van de huid. Geschikt voor diabetici.<\/p>\n\n\n\n<p><strong>Wandelwol<\/strong><\/p>\n\n\n\n<p>WandelWol antidruk-wol Alpaca is speciaal bedoeld voor de voeten die allergisch zijn voor lanoline \u2013 schapenvet dat zich in de wol bevindt. Het effect van alpaca antidrukwol is hetzelfde als van WandelWol antidruk wol. Het verschil is dat het geen verzorgende werking heeft omdat er geen lanoline in zit.  <br>WandelWol is een unieke oplossing tegen blaren en andere ongemakken die je kunt hebben aan je voeten. Of je blaren, branderige voeten, tegen elkaar wrijvende tenen of andere ongemakken hebt. WandelWol helpt. <br>Het bevat geen chemische toevoeging of bewerkingen en is dus een 100% natuurlijk product wat 100% natuurlijk afbreekbaar is. Wandelwol absorbeert transpiratievocht en ventileert. Hierdoor zorgt het voor warme voeten in de winter en koele voeten in de zomer.<\/p>\n\n\n\n<p>Klik <a href=\"http:\/\/pedicuremarum.nl\/index.php\/prijslijst\/\">hier<\/a> om te prijzen van deze producten te bekijken.<\/p>\n","protected":false},"excerpt":{"rendered":"<p>Schimmelnagels: FunghiClear FunghiClear is een anti-schimmel middel op basis van Manuka olie en is zeer effectief tegen schimmelnagels, kalknagels en voetschimmel. Bij het ontwikkelen en samenstellen van FunghiClear is goed gekeken naar alle bestaande producten om zo alle positieve eigenschappen in 1 product te bundelen. Uiteindelijk is hierdoor een uniek product ontwikkeld dat zeer effectief &hellip; <\/p>\n<p class=\"link-more\"><a href=\"https:\/\/pedicuremarum.nl\/index.php\/voetverzorgingsproducten\/\" class=\"more-link\">Lees verder <span class=\"screen-reader-text\">&#8220;Voetverzorgingsproducten&#8221;<\/span><\/a><\/p>\n","protected":false},"author":1,"featured_media":0,"parent":0,"menu_order":0,"comment_status":"closed","ping_status":"closed","template":"","meta":{"footnotes":""},"class_list":["post-134","page","type-page","status-publish","hentry"],"jetpack_sharing_enabled":true,"_links":{"self":[{"href":"https:\/\/pedicuremarum.nl\/index.php\/wp-json\/wp\/v2\/pages\/134","targetHints":{"allow":["GET"]}}],"collection":[{"href":"https:\/\/pedicuremarum.nl\/index.php\/wp-json\/wp\/v2\/pages"}],"about":[{"href":"https:\/\/pedicuremarum.nl\/index.php\/wp-json\/wp\/v2\/types\/page"}],"author":[{"embeddable":true,"href":"https:\/\/pedicuremarum.nl\/index.php\/wp-json\/wp\/v2\/users\/1"}],"replies":[{"embeddable":true,"href":"https:\/\/pedicuremarum.nl\/index.php\/wp-json\/wp\/v2\/comments?post=134"}],"version-history":[{"count":6,"href":"https:\/\/pedicuremarum.nl\/index.php\/wp-json\/wp\/v2\/pages\/134\/revisions"}],"predecessor-version":[{"id":230,"href":"https:\/\/pedicuremarum.nl\/index.php\/wp-json\/wp\/v2\/pages\/134\/revisions\/230"}],"wp:attachment":[{"href":"https:\/\/pedicuremarum.nl\/index.php\/wp-json\/wp\/v2\/media?parent=134"}],"curies":[{"name":"wp","href":"https:\/\/api.w.org\/{rel}","templated":true}]}}